{"id":245,"date":"2018-04-07T14:47:38","date_gmt":"2018-04-07T14:47:38","guid":{"rendered":"http:\/\/contracensura.com\/?page_id=245"},"modified":"2018-04-08T07:53:30","modified_gmt":"2018-04-08T07:53:30","slug":"quienes","status":"publish","type":"page","link":"https:\/\/contracensura.com\/?page_id=245","title":{"rendered":"Qui\u00e9nes somos"},"content":{"rendered":"<p>Contra censura es un proyecto dise\u00f1ado y coordinado por Domingo Mestre, con la colaboraci\u00f3n de Janice Martins e Intramurs, para la Trovada de Artistes per la llibertat d&#8217;expresi\u00f3. Intramurs, Eivissa.<\/p>\n<p>Desde aqu\u00ed queremos construir un archivo documental sobre actos de (auto)censura, con especial inter\u00e9s por los que est\u00e9n relacionados de alguna forma con el campo de las artes. Tambi\u00e9n proponemos el blog como un espacio para la reflexi\u00f3n y el debate abierto sobre la problem\u00e1tica de la libertad de expresi\u00f3n en todas sus dimensiones.<\/p>\n<p>Aunque el proyecto nace como una iniciativa restringida a los artistas de Ibiza o que han participado en anteriores ediciones de Intramurs, tras la presentaci\u00f3n p\u00fablica del proyecto, el 19\/06\/2018, el blog quedar\u00e1 completamente abierto, y todas las aportaciones ser\u00e1n bienvenidas.<\/p>\n<p>&nbsp;<\/p>\n<p><a href=\"https:\/\/serpientededoscabezas.wordpress.com\/\"><img loading=\"lazy\" decoding=\"async\" class=\"alignnone size-full wp-image-21 aligncenter\" src=\"https:\/\/contracensura.com\/wp-content\/uploads\/2018\/04\/logoserpiente.jpg\" alt=\"\" width=\"251\" height=\"250\" srcset=\"https:\/\/contracensura.com\/wp-content\/uploads\/2018\/04\/logoserpiente.jpg 251w, https:\/\/contracensura.com\/wp-content\/uploads\/2018\/04\/logoserpiente-150x150.jpg 150w\" sizes=\"auto, (max-width: 251px) 100vw, 251px\" \/><\/a>\u00a0\u00a0\u00a0<a href=\"http:\/\/intramurs.org\">\u00a0\u00a0<img loading=\"lazy\" decoding=\"async\" class=\"size-medium wp-image-241 aligncenter\" src=\"https:\/\/contracensura.com\/wp-content\/uploads\/2018\/04\/INTM3-para-blog-300x64.jpg\" alt=\"\" width=\"300\" height=\"64\" \/>\u00a0<\/a><\/p>\n","protected":false},"excerpt":{"rendered":"<p>Contra censura es un proyecto dise\u00f1ado y coordinado por Domingo Mestre, con la colaboraci\u00f3n de Janice Martins e Intramurs, para la Trovada de Artistes per la llibertat d&#8217;expresi\u00f3. Intramurs, Eivissa. Desde aqu\u00ed queremos construir un archivo documental sobre actos de (auto)censura, con especial inter\u00e9s por los que est\u00e9n relacionados de alguna forma con el campo&hellip;&nbsp;<\/p>\n","protected":false},"author":1,"featured_media":0,"parent":0,"menu_order":0,"comment_status":"closed","ping_status":"closed","template":"","meta":{"neve_meta_sidebar":"","neve_meta_container":"","neve_meta_enable_content_width":"","neve_meta_content_width":0,"neve_meta_title_alignment":"","neve_meta_author_avatar":"","neve_post_elements_order":"","neve_meta_disable_header":"","neve_meta_disable_footer":"","neve_meta_disable_title":"","footnotes":""},"class_list":["post-245","page","type-page","status-publish","hentry"],"_links":{"self":[{"href":"https:\/\/contracensura.com\/index.php?rest_route=\/wp\/v2\/pages\/245","targetHints":{"allow":["GET"]}}],"collection":[{"href":"https:\/\/contracensura.com\/index.php?rest_route=\/wp\/v2\/pages"}],"about":[{"href":"https:\/\/contracensura.com\/index.php?rest_route=\/wp\/v2\/types\/page"}],"author":[{"embeddable":true,"href":"https:\/\/contracensura.com\/index.php?rest_route=\/wp\/v2\/users\/1"}],"replies":[{"embeddable":true,"href":"https:\/\/contracensura.com\/index.php?rest_route=%2Fwp%2Fv2%2Fcomments&post=245"}],"version-history":[{"count":6,"href":"https:\/\/contracensura.com\/index.php?rest_route=\/wp\/v2\/pages\/245\/revisions"}],"predecessor-version":[{"id":299,"href":"https:\/\/contracensura.com\/index.php?rest_route=\/wp\/v2\/pages\/245\/revisions\/299"}],"wp:attachment":[{"href":"https:\/\/contracensura.com\/index.php?rest_route=%2Fwp%2Fv2%2Fmedia&parent=245"}],"curies":[{"name":"wp","href":"https:\/\/api.w.org\/{rel}","templated":true}]}}